{"id":26,"date":"2015-08-24T17:06:06","date_gmt":"2015-08-24T15:06:06","guid":{"rendered":"http:\/\/192.168.0.111\/wordpress\/?page_id=26"},"modified":"2025-04-10T22:33:10","modified_gmt":"2025-04-10T20:33:10","slug":"service","status":"publish","type":"page","link":"https:\/\/von-huebschmann.de\/index.php\/service\/","title":{"rendered":"Service"},"content":{"rendered":"<p>Wir stellen Ihnen hier oft ben\u00f6tigte Formulare zum download im .pdf Format zur Verf\u00fcgung<\/p>\n<p>Falls Sie Prozesskosten- und\/oder Beratunghilfe in Anspruch nehmen k\u00f6nnen, empfiehlt es sich das Formular bereits schon ausgef\u00fcllt vor dem Termin mit zu bringen.<\/p>\n<p>F\u00fcr den Fall das Sie B\u00fcrgergeld beziehen sollten, brauchen Sie keine weiteren Angaben zu den Einkommens- und Verm\u00f6gensverh\u00e4ltnissen zu machen, eine Kopie des Bewilligungsbescheides ist ausreichend. Unsere Mitarbeiter helfen Ihnen gerne vor Ort oder telefonisch beim Ausf\u00fcllen.<\/p>\n","protected":false},"excerpt":{"rendered":"<p>Wir stellen Ihnen hier oft ben\u00f6tigte Formulare zum download im .pdf Format zur Verf\u00fcgung Falls Sie Prozesskosten- und\/oder Beratunghilfe in Anspruch nehmen k\u00f6nnen, empfiehlt es sich das Formular bereits schon ausgef\u00fcllt vor dem Termin mit zu bringen. F\u00fcr den Fall das Sie B\u00fcrgergeld beziehen sollten, brauchen Sie keine weiteren Angaben zu den Einkommens- und Verm\u00f6gensverh\u00e4ltnissen&#8230;&nbsp;(<a href=\"https:\/\/von-huebschmann.de\/index.php\/service\/\">weiterlesen<\/a>)<\/p>\n","protected":false},"author":1,"featured_media":0,"parent":0,"menu_order":0,"comment_status":"closed","ping_status":"closed","template":"","meta":{"footnotes":""},"class_list":["post-26","page","type-page","status-publish","hentry"],"_links":{"self":[{"href":"https:\/\/von-huebschmann.de\/index.php\/wp-json\/wp\/v2\/pages\/26","targetHints":{"allow":["GET"]}}],"collection":[{"href":"https:\/\/von-huebschmann.de\/index.php\/wp-json\/wp\/v2\/pages"}],"about":[{"href":"https:\/\/von-huebschmann.de\/index.php\/wp-json\/wp\/v2\/types\/page"}],"author":[{"embeddable":true,"href":"https:\/\/von-huebschmann.de\/index.php\/wp-json\/wp\/v2\/users\/1"}],"replies":[{"embeddable":true,"href":"https:\/\/von-huebschmann.de\/index.php\/wp-json\/wp\/v2\/comments?post=26"}],"version-history":[{"count":6,"href":"https:\/\/von-huebschmann.de\/index.php\/wp-json\/wp\/v2\/pages\/26\/revisions"}],"predecessor-version":[{"id":174,"href":"https:\/\/von-huebschmann.de\/index.php\/wp-json\/wp\/v2\/pages\/26\/revisions\/174"}],"wp:attachment":[{"href":"https:\/\/von-huebschmann.de\/index.php\/wp-json\/wp\/v2\/media?parent=26"}],"curies":[{"name":"wp","href":"https:\/\/api.w.org\/{rel}","templated":true}]}}